{"id":28,"date":"2020-08-15T15:35:25","date_gmt":"2020-08-15T15:35:25","guid":{"rendered":"http:\/\/internetzapatoca.com\/index.php\/one-page-express\/"},"modified":"2020-09-11T15:42:20","modified_gmt":"2020-09-11T15:42:20","slug":"one-page-express","status":"publish","type":"page","link":"https:\/\/internetzapatoca.com\/","title":{"rendered":"Front Page"},"content":{"rendered":"<div  id=\"servicios\" style=\"background-color: rgb(246, 246, 246);\" data-label=\"Servicios\" data-id=\"stripped-coloured-icon-boxes\" data-category=\"overlapable\" class=\"features-coloured-icon-boxes-section\" data-overlap=\"true\"> <div  class=\"gridContainer\"> <div  class=\"features-coloured-icon-boxes-innerrow flexbox-list dark-text\" data-type=\"row\"> <div  class=\"features-coloured-icon-boxes-featurecol cp3cols\"> <div  class=\"features-coloured-icon-boxes-iconcontainer\" data-content-item-container=\"true\"> <i  data-cp-fa=\"true\" class=\"features-coloured-icon fa fa-bolt\"><\/i> <\/div> <h4  class=\"\">Internet Sano<\/h4> <p  class=\"\">Siguiendo con la pol\u00edtica de Internet Sano del Gobierno Nacional nos preocupamos por mantener nuestras redes libres de contenido donde se atente contra la integridad de nuestros ni\u00f1os y j\u00f3venes.&nbsp;<\/p> <a class=\"features-coloured-button\" href=\"#\" target=\"_self\" rel=\"noopener noreferrer\">M\u00e1s Informaci\u00f3n<\/a> <\/div> <div  class=\"features-coloured-icon-boxes-featurecol cp3cols\"> <div  class=\"features-coloured-icon-boxes-iconcontainer\" data-content-item-container=\"true\"> <i  data-cp-fa=\"true\" class=\"features-coloured-icon fa fa-handshake-o\"><\/i> <\/div> <h4  class=\"\">Soporte T\u00e9cnico<\/h4> <p  class=\"\">Interzap le brinda apoyo t\u00e9cnico para brindar soluciones en internet<\/p> <a class=\"features-coloured-button\" href=\"#\" target=\"_self\" rel=\"noopener noreferrer\">M\u00e1s informaci\u00f3n<\/a> <\/div> <div  class=\"features-coloured-icon-boxes-featurecol cp3cols\"> <div  class=\"features-coloured-icon-boxes-iconcontainer\" data-content-item-container=\"true\"> <i  data-cp-fa=\"true\" class=\"features-coloured-icon fa fa-signal\"><\/i> <\/div> <h4  class=\"\">Wi Fi<\/h4> <p  class=\"\">Disfrute de internet sin cables, todos nuestros planes de internet incluyen un equipo wifi para que pueda conectar sus Smart Phones, Tablets, Lap Tops, Xbox, y todo lo que necesite.<\/p> <a class=\"features-coloured-button\" href=\"#\" target=\"_self\" rel=\"noopener noreferrer\">M\u00e1s informaci\u00f3n<\/a> <\/div> <div  class=\"features-coloured-icon-boxes-featurecol cp3cols\"> <div  class=\"features-coloured-icon-boxes-iconcontainer\" data-content-item-container=\"true\"> <i  data-cp-fa=\"true\" class=\"features-coloured-icon fa fa-pie-chart\"><\/i> <\/div> <h4  class=\"\">Fibra Optica<\/h4> <p  class=\"\">Nuestro servicio de internet es por fibra \u00f3ptica,&nbsp; para brindarle un servicio estable y con buena velocidad.<\/p> <a class=\"features-coloured-button\" href=\"#\" target=\"_self\" rel=\"noopener noreferrer\">M\u00e1s informaci\u00f3n<\/a> <\/div> <\/div> <\/div><\/div><div  id=\"test-de-velocidad\" style=\"background-color: #f6f6f6;\" data-label=\"Test de velocidad\" data-id=\"about-big-images-section\" data-category=\"about\" class=\"about-big-images-section\"> <div  class=\"gridContainer\"> <div  class=\"about-big-images-textrow\"> <div  class=\"about-big-images-textcol dynamic-color\" data-type=\"column\"> <h5  class=\"\">Test de velocidad<\/h5> <h3  class=\"\">Recomendaciones para que realices un test de velocidad <font  face=\"Playfair Display, sans-serif\"><span  style=\"font-weight: 400;\"><i >confiable<\/i><\/span><\/font><\/h3>   <h4  class=\"\">1. Cerrar las Ventanas<\/h4><p  class=\"\"><\/p><p  class=\"MsoNormal\" style=\"margin: 0cm 0cm 0.0001pt; font-size: 12pt; font-family: Cambria; color: rgb(0, 0, 0); text-align: start;\">Revisa que en el navegador solo tengas la p\u00e1gina desde donde vas a realizar el test de velocidad, as\u00ed mismo que no est\u00e9n corriendo por debajo actualizaciones de software ni est\u00e9s utilizando aplicaciones que usen internet.<o  :p=\"\"><\/o><\/p><h4  class=\"\">2. Desconecta los equipos<\/h4><p  class=\"\"><\/p><p  class=\"MsoNormal\" style=\"margin: 0cm 0cm 0.0001pt; font-size: 12pt; font-family: Cambria; color: rgb(0, 0, 0); text-align: start;\">Revisa que no haya otros dispositivos conectados en la misma red a internet como SmartTV, Smartphones, consolas de juego etc.<o  :p=\"\"><\/o><\/p><h4  class=\"\">3. Conectate por cable<\/h4><p  class=\"\"><\/p><p  class=\"MsoNormal\" style=\"margin: 0cm 0cm 0.0001pt; font-size: 12pt; font-family: Cambria; color: rgb(0, 0, 0); text-align: start;\">Revisa que el PC est\u00e9 conectado directamente al m\u00f3dem por medio de un cable ethernet de red, ten en cuenta que la medici\u00f3n es sobre el servicio fijo, no de las redes locales WiFi Que en forma adicional y para tu comodidad te permite ampliar la cobertura al interior de tu vivienda.<o  :p=\"\"><\/o><\/p><h4  class=\"\">4. Conecta la bater\u00eda de tu port\u00e1til<\/h4><p  class=\"\"><\/p><p  class=\"MsoNormal\" style=\"margin: 0cm 0cm 0.0001pt; font-size: 12pt; font-family: Cambria; color: rgb(0, 0, 0); text-align: start;\">En caso de realizar el Test de velocidad desde un computador port\u00e1til, te recomendamos conectarlo a un toma corriente para evitar que baje el rendimiento del equipo.<o  :p=\"\"><\/o><\/p><a class=\"button blue big\" href=\"http:\/\/interzapzapatoca.speedtestcustom.com\" target=\"_blank\" rel=\"noopener noreferrer\">REALICE EL TEST DE VELOCIDAD<\/a><\/div> <\/div> <\/div> <div  class=\"about-big-images-bottomrow\"> <div  class=\"about-big-images-leftimgcol\"><img decoding=\"async\"  class=\"about-big-images-leftimg\" src=\"https:\/\/internetzapatoca.com\/wp-content\/uploads\/2020\/08\/internet.jpg\"> <\/div> <div  class=\"about-big-images-centerimgcol\"><img decoding=\"async\"  class=\"about-big-images-centerimg\" src=\"https:\/\/internetzapatoca.com\/wp-content\/uploads\/2020\/09\/10-caracteristicas-de-la-fibra-optica-600x306-1.jpg\"> <\/div> <div  class=\"about-big-images-rightimgcol\"><img decoding=\"async\"  class=\"about-big-images-rightimg\" src=\"https:\/\/internetzapatoca.com\/wp-content\/uploads\/2020\/08\/internet_de_las_cosas.jpg\"> <\/div> <\/div> <\/div><div  id=\"interzap\" style=\"background-color: #ffffff;\" data-label=\"Interzap\" data-id=\"content-image-left\" data-category=\"content\" class=\"content-left-image-section\"> <div  class=\"gridContainer\"> <div  class=\"row\"> <div  class=\"content-left-image-imgcol\" data-type=\"column\"> <img decoding=\"async\"  src=\"https:\/\/internetzapatoca.com\/wp-content\/uploads\/2020\/08\/logo-interzap.png\" class=\"\"> <\/div> <div  class=\"content-left-image-textcol dynamic-color\" data-type=\"column\"> <h2  class=\"\">Su mejor alternativa en internet&nbsp;<\/h2> <p  class=\"large_text\"> Internet domiciliario sim\u00e9trico para una mejor experiencia.&nbsp;<\/p> <a class=\"button blue\" href=\"#\" target=\"_self\" rel=\"noopener noreferrer\"> LEER M\u00c1S\u2026 <\/a> <\/div> <\/div> <\/div> <\/div><div  id=\"proteccion-al-usuario\" style=\"background-color: #f6f6f6;\" data-label=\"Protecci\u00f3n al usuario\" data-id=\"content-image-right\" data-category=\"content\" class=\"content-right-image-section\"> <div  class=\"gridContainer\"> <div  class=\"content-right-image-gridcol\"> <div  class=\"content-right-image-textcol dynamic-color\" data-type=\"column\"> <h2  class=\"\">R\u00e9gimen de protecci\u00f3n al usuario<\/h2> <p  class=\"large_text\"> Con el prop\u00f3sito de mejorar la relaci\u00f3n del usuario con su operador de servicios, la CRC realiz\u00f3 una actualizaci\u00f3n del R\u00e9gimen de Protecci\u00f3n en la que se establecen reglas claras y simples que garantizan el efectivo ejercicio de los derechos de los usuarios. Dicha actualizaci\u00f3n atiende a las particularidades y necesidades del mercado de los servicios de telefon\u00eda, internet y televisi\u00f3n cerrada en Colombia. <\/p> <a class=\"button blue\" href=\"https:\/\/www.mintic.gov.co\/portal\/inicio\/Sala-de-Prensa\/Noticias\/62251:Entra-en-vigencia-en-nuevo-Regimen-de-Proteccion-a-Usuarios-de-los-servicios-de-comunicaciones\" target=\"_blank\" rel=\"noopener noreferrer\"> M\u00e1s informaci\u00f3n <\/a> <\/div> <div  class=\"content-right-image-imgcol\" data-type=\"column\"> <img decoding=\"async\"  src=\"https:\/\/internetzapatoca.com\/wp-content\/plugins\/one-page-express-companion\/theme-data\/one-page-express\/sections\/images\/project1.jpg\" class=\"\"> <\/div> <\/div> <\/div> <\/div><div  id=\"portfolio-2\" style=\"background-color: #ffffff;\" data-label=\"Portfolio\" data-id=\"portfolio-full-section\" data-category=\"portfolio\"> <div  class=\"portfolio-full-section\" data-type=\"row\"> <div  class=\"portfolio-full-projectco cp4cols cp4cols-tablet\"> <div  class=\"contentswap-effect ContentSwap103\" hover-fx=\"ContentSwap103\" id=\"ContentSwap103\"> <div  class=\"ContentSwap103_content initial-image\"><img decoding=\"async\"  class=\"portfolio-full-projectimg\" data-size=\"1200x800\" src=\"https:\/\/internetzapatoca.com\/wp-content\/plugins\/one-page-express-companion\/theme-data\/one-page-express\/sections\/images\/project3.jpg\"> <\/div> <div  class=\"overlay\" style=\"display: block; opacity: 1;\"><\/div> <div  class=\"swap-inner\" style=\"opacity: 1; display: block;\"> <div  class=\"ContentSwap103-center\"> <h4  class=\"protfolio-full-itemtitle\">Control parental<\/h4><a class=\"button yellow\" href=\"#\" target=\"_self\" rel=\"noopener noreferrer\">Solicite la eliminaci\u00f3n de contenidos pornogr\u00e1ficos<\/a> <\/div> <\/div> <\/div> <\/div> <div  class=\"portfolio-full-projectco cp4cols cp4cols-tablet\"> <div  class=\"contentswap-effect ContentSwap103\" hover-fx=\"ContentSwap103\" id=\"ContentSwap103\" is-hovered=\"1\"> <div  class=\"ContentSwap103_content initial-image\"><img decoding=\"async\"  class=\"portfolio-full-projectimg\" data-size=\"1200x800\" src=\"https:\/\/internetzapatoca.com\/wp-content\/plugins\/one-page-express-companion\/theme-data\/one-page-express\/sections\/images\/project1.jpg\"> <\/div> <div  class=\"overlay\" style=\"display: block; opacity: 1;\"><\/div> <div  class=\"swap-inner\" style=\"opacity: 1; display: block;\"> <div  class=\"ContentSwap103-center\"> <h4  class=\"protfolio-full-itemtitle\">Mayor velocidad<\/h4><a class=\"button yellow\" href=\"#\" target=\"_self\" rel=\"noopener noreferrer\">Internet por fibra \u00f3ptica sim\u00e9trico<\/a> <\/div> <\/div> <\/div> <\/div> <div  class=\"portfolio-full-projectco cp4cols cp4cols-tablet\"> <div  class=\"contentswap-effect ContentSwap103\" hover-fx=\"ContentSwap103\" id=\"ContentSwap103\" is-hovered=\"1\"> <div  class=\"ContentSwap103_content initial-image\"><img decoding=\"async\"  class=\"portfolio-full-projectimg\" data-size=\"1200x800\" src=\"https:\/\/internetzapatoca.com\/wp-content\/plugins\/one-page-express-companion\/theme-data\/one-page-express\/sections\/images\/project2.jpg\"> <\/div> <div  class=\"overlay\" style=\"display: block; opacity: 1;\"><\/div> <div  class=\"swap-inner\" style=\"opacity: 1; display: block;\"> <div  class=\"ContentSwap103-center\"> <h4  class=\"protfolio-full-itemtitle\">Soluciones<\/h4><a class=\"button yellow\" href=\"#\" target=\"_self\" rel=\"noopener noreferrer\">Solicite soporte t\u00e9cnico<\/a> <\/div> <\/div> <\/div> <\/div><\/div><\/div><div  data-label=\"Features\" data-id=\"features-small-icon-cards-section\" data-category=\"features\" class=\"features-small-icon-cards-section\" id=\"features-5\" style=\"background-color: rgb(246, 246, 246);\"> <div  class=\"gridContainer\"> <div  class=\"features-small-icon-cards-textrow\"> <div  class=\"features-small-icon-cards-textcol dynamic-color\" data-type=\"column\"> <h2  class=\"\">Reg\u00edmen de Protecci\u00f3n al usuario<\/h2>  <\/div> <\/div> <div  class=\"features-small-icon-cards-featuresrow dark-text\" data-type=\"row\"> <div  class=\"features-small-icon-cards-featcol cp4cols\"> <div  class=\"features-small-icon-cards-featinnerrow\"> <div  class=\"features-small-icon-cards-iconcol\"> <i  data-cp-fa=\"true\" class=\"font-icon-23 fa fa-file-pdf-o\"><\/i> <\/div> <div  class=\"features-small-icon-cards-feattextcol\" data-type=\"column\"> <h4  class=\"\">Resoluci\u00f3n 1740 de 2007<\/h4>  <a href=\"https:\/\/internetzapatoca.com\/proteccion\/Resolucion_1740_de_2007.pdf\" class=\"\" target=\"_blank\" rel=\"noopener noreferrer\">Abrir documento<\/a><\/div> <\/div> <\/div>      <div  class=\"features-small-icon-cards-featcol cp4cols\"> <div  class=\"features-small-icon-cards-featinnerrow\"> <div  class=\"features-small-icon-cards-iconcol\"> <i  data-cp-fa=\"true\" class=\"font-icon-23 fa fa-file-pdf-o\"><\/i> <\/div> <div  class=\"features-small-icon-cards-feattextcol\" data-type=\"column\"> <h4  class=\"\">Resoluci\u00f3n 2258 de 2009<\/h4>  <a href=\"https:\/\/internetzapatoca.com\/proteccion\/Resolucion_2258_de_2009.pdf\" class=\"\" target=\"_blank\" rel=\"noopener noreferrer\">Abrir documento<\/a><\/div> <\/div> <\/div><div  class=\"features-small-icon-cards-featcol cp4cols\"> <div  class=\"features-small-icon-cards-featinnerrow\"> <div  class=\"features-small-icon-cards-iconcol\"> <i  data-cp-fa=\"true\" class=\"font-icon-23 fa fa-file-pdf-o\"><\/i> <\/div> <div  class=\"features-small-icon-cards-feattextcol\" data-type=\"column\"> <h4  class=\"\">Ley 1480 de 2011 Estatuto del Consumidor<\/h4>  <a href=\"https:\/\/internetzapatoca.com\/proteccion\/LEY_1480_DE_2011_Estatuto_del_Consumidor.pdf\" class=\"\" target=\"_blank\" rel=\"noopener noreferrer\">Abrir documento<\/a><\/div> <\/div> <\/div><div  class=\"features-small-icon-cards-featcol cp4cols\"> <div  class=\"features-small-icon-cards-featinnerrow\"> <div  class=\"features-small-icon-cards-iconcol\"> <i  data-cp-fa=\"true\" class=\"font-icon-23 fa fa-file-pdf-o\"><\/i> <\/div> <div  class=\"features-small-icon-cards-feattextcol\" data-type=\"column\"> <h4  class=\"\">Decreto 1524 de 2002<\/h4>  <a href=\"https:\/\/internetzapatoca.com\/proteccion\/Decreto_1524_de_2002.pdf\" class=\"\" target=\"_blank\" rel=\"noopener noreferrer\">Abrir documento<\/a><\/div> <\/div> <\/div><div  class=\"features-small-icon-cards-featcol cp4cols\"> <div  class=\"features-small-icon-cards-featinnerrow\"> <div  class=\"features-small-icon-cards-iconcol\"> <i  data-cp-fa=\"true\" class=\"font-icon-23 fa fa-file-pdf-o\"><\/i> <\/div> <div  class=\"features-small-icon-cards-feattextcol\" data-type=\"column\"> <h4  class=\"\">Resoluci\u00f3n CRC 5397 de 2018<\/h4>  <a href=\"https:\/\/internetzapatoca.com\/proteccion\/resolucion_crc_5397_de_2018.pdf\" class=\"\" target=\"_blank\" rel=\"noopener noreferrer\">Abrir documento<\/a><\/div> <\/div> <\/div><div  class=\"features-small-icon-cards-featcol cp4cols\"> <div  class=\"features-small-icon-cards-featinnerrow\"> <div  class=\"features-small-icon-cards-iconcol\"> <i  data-cp-fa=\"true\" class=\"font-icon-23 fa fa-file-pdf-o\"><\/i> <\/div> <div  class=\"features-small-icon-cards-feattextcol\" data-type=\"column\"> <h4  class=\"\">Resoluci\u00f3n CRC 5344 de 2018<\/h4>  <a href=\"https:\/\/internetzapatoca.com\/proteccion\/resolucion_crc_5344_de_2018.pdf\" class=\"\" target=\"_blank\" rel=\"noopener noreferrer\">Abrir documento<\/a><\/div> <\/div> <\/div><div  class=\"features-small-icon-cards-featcol cp4cols\"> <div  class=\"features-small-icon-cards-featinnerrow\"> <div  class=\"features-small-icon-cards-iconcol\"> <i  data-cp-fa=\"true\" class=\"font-icon-23 fa fa-file-pdf-o\"><\/i> <\/div> <div  class=\"features-small-icon-cards-feattextcol\" data-type=\"column\"> <h4  class=\"\">Resoluci\u00f3n CRC 5337 de 2018<\/h4>  <a href=\"https:\/\/internetzapatoca.com\/proteccion\/resolucion_crc_5337_de_2018.pdf\" class=\"\" target=\"_blank\" rel=\"noopener noreferrer\">Abrir documento<\/a><\/div> <\/div> <\/div><div  class=\"features-small-icon-cards-featcol cp4cols\"> <div  class=\"features-small-icon-cards-featinnerrow\"> <div  class=\"features-small-icon-cards-iconcol\"> <i  data-cp-fa=\"true\" class=\"font-icon-23 fa fa-file-pdf-o\"><\/i> <\/div> <div  class=\"features-small-icon-cards-feattextcol\" data-type=\"column\"> <h4  class=\"\">Resoluci\u00f3n CRC 5322 de 2018<\/h4>  <a href=\"https:\/\/internetzapatoca.com\/proteccion\/resolucion_crc_5322_de_2018.pdf\" class=\"\" target=\"_blank\" rel=\"noopener noreferrer\">Abrir documento<\/a><\/div> <\/div> <\/div><div  class=\"features-small-icon-cards-featcol cp4cols\"> <div  class=\"features-small-icon-cards-featinnerrow\"> <div  class=\"features-small-icon-cards-iconcol\"> <i  data-cp-fa=\"true\" class=\"font-icon-23 fa fa-file-pdf-o\"><\/i> <\/div> <div  class=\"features-small-icon-cards-feattextcol\" data-type=\"column\"> <h4  class=\"\">Resoluci\u00f3n CRC 5321 de 2018<\/h4>  <a href=\"https:\/\/internetzapatoca.com\/proteccion\/resolucion_crc_5321_de_2018.pdf\" class=\"\" target=\"_blank\" rel=\"noopener noreferrer\">Abrir documento<\/a><\/div> <\/div> <\/div><div  class=\"features-small-icon-cards-featcol cp4cols\"> <div  class=\"features-small-icon-cards-featinnerrow\"> <div  class=\"features-small-icon-cards-iconcol\"> <i  data-cp-fa=\"true\" class=\"font-icon-23 fa fa-file-pdf-o\"><\/i> <\/div> <div  class=\"features-small-icon-cards-feattextcol\" data-type=\"column\"> <h4  class=\"\">Resoluci\u00f3n CRC 5300 de 2018<\/h4>  <a href=\"https:\/\/internetzapatoca.com\/proteccion\/resolucion_crc_5300_de_2018.pdf\" class=\"\" target=\"_blank\" rel=\"noopener noreferrer\">Abrir documento<\/a><\/div> <\/div> <\/div><div  class=\"features-small-icon-cards-featcol cp4cols\"> <div  class=\"features-small-icon-cards-featinnerrow\"> <div  class=\"features-small-icon-cards-iconcol\"> <i  data-cp-fa=\"true\" class=\"font-icon-23 fa fa-file-pdf-o\"><\/i> <\/div> <div  class=\"features-small-icon-cards-feattextcol\" data-type=\"column\"> <h4  class=\"\">Resoluci\u00f3n CRC 5299 de 2018<\/h4>  <a href=\"https:\/\/internetzapatoca.com\/proteccion\/resolucion_crc_5299_de_2018.pdf\" class=\"\" target=\"_blank\" rel=\"noopener noreferrer\">Abrir documento<\/a><\/div> <\/div> <\/div><div  class=\"features-small-icon-cards-featcol cp4cols\"> <div  class=\"features-small-icon-cards-featinnerrow\"> <div  class=\"features-small-icon-cards-iconcol\"> <i  data-cp-fa=\"true\" class=\"font-icon-23 fa fa-file-pdf-o\"><\/i> <\/div> <div  class=\"features-small-icon-cards-feattextcol\" data-type=\"column\"> <h4  class=\"\">Decreto 90 18 enero de 2018<\/h4>  <a href=\"https:\/\/internetzapatoca.com\/proteccion\/decreto_90_del_18_enero_de_2018.pdf\" class=\"\" target=\"_blank\" rel=\"noopener noreferrer\">Abrir documento<\/a><\/div> <\/div> <\/div><div  class=\"features-small-icon-cards-featcol cp4cols\"> <div  class=\"features-small-icon-cards-featinnerrow\"> <div  class=\"features-small-icon-cards-iconcol\"> <i  data-cp-fa=\"true\" class=\"font-icon-23 fa fa-file-pdf-o\"><\/i> <\/div> <div  class=\"features-small-icon-cards-feattextcol\" data-type=\"column\"> <h4  class=\"\">Ley 679 2001<\/h4>  <a href=\"https:\/\/internetzapatoca.com\/proteccion\/ley_679_2001.pdf\" class=\"\" target=\"_blank\" rel=\"noopener noreferrer\">Abrir documento<\/a><\/div> <\/div> <\/div><\/div> <\/div><\/div>","protected":false},"excerpt":{"rendered":"<p>Internet Sano Siguiendo con la pol\u00edtica de Internet Sano del Gobierno Nacional nos preocupamos por mantener nuestras redes libres de contenido donde se atente contra la integridad de nuestros ni\u00f1os y j\u00f3venes.&nbsp; M\u00e1s Informaci\u00f3n Soporte T\u00e9cnico Interzap le brinda apoyo t\u00e9cnico para brindar soluciones en internet M\u00e1s informaci\u00f3n Wi Fi Disfrute de internet sin cables,&hellip; <br \/> <a class=\"button small blue\" href=\"https:\/\/internetzapatoca.com\/\">Leer m\u00e1s<\/a><\/p>\n","protected":false},"author":1,"featured_media":0,"parent":0,"menu_order":0,"comment_status":"closed","ping_status":"closed","template":"","meta":{"footnotes":""},"class_list":["post-28","page","type-page","status-publish","hentry"],"_links":{"self":[{"href":"https:\/\/internetzapatoca.com\/index.php\/wp-json\/wp\/v2\/pages\/28","targetHints":{"allow":["GET"]}}],"collection":[{"href":"https:\/\/internetzapatoca.com\/index.php\/wp-json\/wp\/v2\/pages"}],"about":[{"href":"https:\/\/internetzapatoca.com\/index.php\/wp-json\/wp\/v2\/types\/page"}],"author":[{"embeddable":true,"href":"https:\/\/internetzapatoca.com\/index.php\/wp-json\/wp\/v2\/users\/1"}],"replies":[{"embeddable":true,"href":"https:\/\/internetzapatoca.com\/index.php\/wp-json\/wp\/v2\/comments?post=28"}],"version-history":[{"count":34,"href":"https:\/\/internetzapatoca.com\/index.php\/wp-json\/wp\/v2\/pages\/28\/revisions"}],"predecessor-version":[{"id":133,"href":"https:\/\/internetzapatoca.com\/index.php\/wp-json\/wp\/v2\/pages\/28\/revisions\/133"}],"wp:attachment":[{"href":"https:\/\/internetzapatoca.com\/index.php\/wp-json\/wp\/v2\/media?parent=28"}],"curies":[{"name":"wp","href":"https:\/\/api.w.org\/{rel}","templated":true}]}}